{"id":884,"date":"2018-07-24T23:50:04","date_gmt":"2018-07-24T21:50:04","guid":{"rendered":"http:\/\/motivoweb.com\/pixi\/?page_id=884"},"modified":"2023-07-10T17:15:39","modified_gmt":"2023-07-10T15:15:39","slug":"accueil","status":"publish","type":"page","link":"https:\/\/www.rezonance-informatique.fr\/FR\/","title":{"rendered":"Accueil"},"content":{"rendered":"<p>[vc_row parallax=\u00a0\u00bbcontent-moving\u00a0\u00bb parallax_image=\u00a0\u00bb2912&Prime; row_separator=\u00a0\u00bblg_triangle\u00a0\u00bb color_separator=\u00a0\u00bbsvg_white\u00a0\u00bb canvas=\u00a0\u00bbparticles1&Prime; content_bg_color=\u00a0\u00bbbg-color-main\u00a0\u00bb content_color=\u00a0\u00bbwhite_txt\u00a0\u00bb css=\u00a0\u00bb.vc_custom_1574246175112{padding-top: 80px !important;padding-bottom: 200px !important;}\u00a0\u00bb][vc_column][vc_row_inner css=\u00a0\u00bb.vc_custom_1537101970920{margin-bottom: 0px !important;padding-top: 170px !important;}\u00a0\u00bb][vc_column_inner width=\u00a0\u00bb1\/2&Prime; offset=\u00a0\u00bbvc_col-xs-12&Prime;][vc_column_text]<\/p>\n<h3 class=\"lrg\">Rezonance Informatique<\/h3>\n<p>Soci\u00e9t\u00e9 de prestations et de solutions informatique. Nous apportons nos comp\u00e9tences au sein de votre entreprise, aussi bien en r\u00e9seaux, contrats de services, prestations ponctuelles, formations, d\u00e9veloppements sp\u00e9cifiques.<br \/>\nQuelle que soit votre taille, vos besoins, nous nous adaptons afin de vous proposer des solutions coh\u00e9rentes.<b> Vous ma\u00eetrisez votre budget.<\/b>[\/vc_column_text][\/vc_column_inner][vc_column_inner width=\u00a0\u00bb1\/2&Prime;][\/vc_column_inner][\/vc_row_inner][vc_row_inner][vc_column_inner width=\u00a0\u00bb1\/2&Prime;]     <div class=\"text-left  \" data-wow-delay=\"0.1s\">\n          <a class=\"button dark hr_light bg_light  bg_hr_gradient medium radius4 no_shadow hr_no_shadow hover_shine\" href=\"http:\/\/aide.rezonance.fr\/\" target=\" _blank\">Assistance<i class=\"ion-medkit\"><\/i><\/a> \n\t <\/div>\n         <div class=\"text-right  \" data-wow-delay=\"0.1s\">\n          <a class=\"button dark hr_light bg_light  bg_hr_gradient medium radius4 no_shadow hr_no_shadow hover_shine\" href=\"https:\/\/rezonance-informatique.fr\/Rezonance_Plaquette_C%20ommerciale.pdf\" target=\" _blank\">Plaquette Commerciale<i class=\"ion-clipboard\"><\/i><\/a> \n\t <\/div>\n    [\/vc_column_inner][vc_column_inner width=\u00a0\u00bb1\/2&Prime;][\/vc_column_inner][\/vc_row_inner][\/vc_column][\/vc_row][vc_row color_separator=\u00a0\u00bbsvg_white\u00a0\u00bb][vc_column css=\u00a0\u00bb.vc_custom_1535539418494{margin-top: 0px !important;}\u00a0\u00bb][vc_row_inner css=\u00a0\u00bb.vc_custom_1535494234203{margin-top: -150px !important;padding-top: 50px !important;padding-right: 50px !important;padding-bottom: 50px !important;padding-left: 50px !important;background-color: #ffffff !important;}\u00a0\u00bb el_class=\u00a0\u00bbborder-radius box-shadow\u00a0\u00bb][vc_column_inner width=\u00a0\u00bb1\/3&Prime; css=\u00a0\u00bb.vc_custom_1535542644585{padding-top: 0px !important;}\u00a0\u00bb]\t<div class=\"image_box  pixi_image_box-style6 \" data-wow-delay=\"0.1s\">\n        <div class=\"center \">\n\t\n\t\t\t<div class=\"thumb-service\">\n\t\t\t\t<img decoding=\"async\" src=\"https:\/\/i0.wp.com\/www.rezonance-informatique.fr\/FR\/wp-content\/uploads\/2019\/10\/icon2-01.png?fit=513%2C513&#038;ssl=1\" alt=\"Cloud | Virtualisation | Sauvegardes d\u00e9port\u00e9es\"\/>\n\t\t\t<\/div>\t<div class=\"title-wrap\">\n\t  <h6>Cloud | Virtualisation | Sauvegardes d\u00e9port\u00e9es<\/h6>\t <\/div>\n<\/div>\t<\/div>\n    [\/vc_column_inner][vc_column_inner width=\u00a0\u00bb1\/3&Prime; css=\u00a0\u00bb.vc_custom_1535542649120{padding-top: 0px !important;}\u00a0\u00bb]\t<div class=\"image_box  pixi_image_box-style6 \" data-wow-delay=\"0.1s\">\n        <div class=\"center \">\n\t\n\t\t\t<div class=\"thumb-service\">\n\t\t\t\t<img decoding=\"async\" src=\"https:\/\/i0.wp.com\/www.rezonance-informatique.fr\/FR\/wp-content\/uploads\/2019\/10\/icon3-01.png?fit=513%2C513&#038;ssl=1\" alt=\"D\u00e9veloppements | Consulting | Transferts de comp\u00e9tences\"\/>\n\t\t\t<\/div>\t<div class=\"title-wrap\">\n\t  <h6>D\u00e9veloppements | Consulting | Transferts de comp\u00e9tences<\/h6>\t <\/div>\n<\/div>\t<\/div>\n    [\/vc_column_inner][vc_column_inner width=\u00a0\u00bb1\/3&Prime; css=\u00a0\u00bb.vc_custom_1535542659523{padding-top: 0px !important;}\u00a0\u00bb]\t<div class=\"image_box  pixi_image_box-style6 \" data-wow-delay=\"0.1s\">\n        <div class=\"center \">\n\t\n\t\t\t<div class=\"thumb-service\">\n\t\t\t\t<img decoding=\"async\" src=\"https:\/\/i0.wp.com\/www.rezonance-informatique.fr\/FR\/wp-content\/uploads\/2019\/10\/icon02-01.png?fit=513%2C513&#038;ssl=1\" alt=\"Contrats de service | Audit infra et r\u00e9seau | Protection\"\/>\n\t\t\t<\/div>\t<div class=\"title-wrap\">\n\t  <h6>Contrats de service | Audit infra et r\u00e9seau | Protection<\/h6>\t <\/div>\n<\/div>\t<\/div>\n    [\/vc_column_inner][\/vc_row_inner][\/vc_column][\/vc_row][vc_row mo_bg_overlay=\u00a0\u00bb#ffffff\u00a0\u00bb mo_bg_second_overlay=\u00a0\u00bb#ffffff\u00a0\u00bb el_class=\u00a0\u00bbbg-grey\u00a0\u00bb css=\u00a0\u00bb.vc_custom_1570580846158{padding-top: 80px !important;}\u00a0\u00bb][vc_column width=\u00a0\u00bb1\/6&Prime; css=\u00a0\u00bb.vc_custom_1570534166514{padding-top: 50px !important;}\u00a0\u00bb][\/vc_column][vc_column width=\u00a0\u00bb2\/3&Prime;][vc_row_inner][vc_column_inner width=\u00a0\u00bb1\/2&Prime; css=\u00a0\u00bb.vc_custom_1570580916133{padding-top: 30px !important;}\u00a0\u00bb]\t<div class=\"image_box  pixi_image_box-style4 \" data-wow-delay=\"0.1s\">\n        \n\t\t<div class=\"thumb-service\">\n\t\t\t<img decoding=\"async\" src=\"https:\/\/i0.wp.com\/www.rezonance-informatique.fr\/FR\/wp-content\/uploads\/2019\/10\/Audit0-01.jpg?fit=801%2C589&#038;ssl=1\" alt=\"Audit\"\/>\n\t\t<\/div><div class=\"title-wrap\">\n  <h6>Audit<\/h6><div class=\"content\">Il s'agit de ne pas passer \u00e0 c\u00f4t\u00e9 de probl\u00e8mes inh\u00e9rents \u00e0 l'\u00e9volution de votre informatique. Une d\u00e9faillance corrig\u00e9e imm\u00e9diatement permet de faire des \u00e9conomies de temps et d'argent demain.<\/div> <\/div>\n   <a href=\"https:\/\/www.rezonance-informatique.fr\/FR\/audit\/\" class=\"circle-btn\"><span><\/span><svg x=\"0px\" y=\"0px\" width=\"50px\" height=\"50px\" viewBox=\"0 0 54 54\"><circle fill=\"transparent\" stroke=\"#656e79\" stroke-width=\"1\" cx=\"27\" cy=\"27\" r=\"25\" stroke-dasharray=\"157 157\" stroke-dashoffset=\"157\"><\/circle><\/svg><\/a>\t<\/div>\n    [vc_empty_space height=\u00a0\u00bb5px\u00a0\u00bb]\t<div class=\"image_box  pixi_image_box-style4 \" data-wow-delay=\"0.1s\">\n        \n\t\t<div class=\"thumb-service\">\n\t\t\t<img decoding=\"async\" src=\"https:\/\/i0.wp.com\/www.rezonance-informatique.fr\/FR\/wp-content\/uploads\/2019\/10\/Contrats-de-service_Compliment-Slip-.jpg?fit=800%2C589&#038;ssl=1\" alt=\"Contrat de services\"\/>\n\t\t<\/div><div class=\"title-wrap\">\n  <h6>Contrat de services<\/h6><div class=\"content\">Une solution de confiance<\/div> <\/div>\n   <a href=\"https:\/\/www.rezonance-informatique.fr\/FR\/contrat-de-services\/\" class=\"circle-btn\"><span><\/span><svg x=\"0px\" y=\"0px\" width=\"50px\" height=\"50px\" viewBox=\"0 0 54 54\"><circle fill=\"transparent\" stroke=\"#656e79\" stroke-width=\"1\" cx=\"27\" cy=\"27\" r=\"25\" stroke-dasharray=\"157 157\" stroke-dashoffset=\"157\"><\/circle><\/svg><\/a>\t<\/div>\n    [vc_empty_space height=\u00a0\u00bb5px\u00a0\u00bb]\t<div class=\"image_box  pixi_image_box-style4 \" data-wow-delay=\"0.1s\">\n        \n\t\t<div class=\"thumb-service\">\n\t\t\t<img decoding=\"async\" src=\"https:\/\/i0.wp.com\/www.rezonance-informatique.fr\/FR\/wp-content\/uploads\/2023\/07\/Sauvegarde_Deportee.jpg?fit=311%2C162&#038;ssl=1\" alt=\"Sauvegarde\"\/>\n\t\t<\/div><div class=\"title-wrap\">\n  <h6>Sauvegarde<\/h6><div class=\"content\">La cl\u00e9 de la s\u00e9r\u00e9nit\u00e9<\/div> <\/div>\n   <a href=\"https:\/\/www.rezonance-informatique.fr\/FR\/sauvegarde-deportee\/\" class=\"circle-btn\"><span><\/span><svg x=\"0px\" y=\"0px\" width=\"50px\" height=\"50px\" viewBox=\"0 0 54 54\"><circle fill=\"transparent\" stroke=\"#656e79\" stroke-width=\"1\" cx=\"27\" cy=\"27\" r=\"25\" stroke-dasharray=\"157 157\" stroke-dashoffset=\"157\"><\/circle><\/svg><\/a>\t<\/div>\n    [vc_empty_space height=\u00a0\u00bb5px\u00a0\u00bb]\t<div class=\"image_box  pixi_image_box-style4 \" data-wow-delay=\"0.1s\">\n        \n\t\t<div class=\"thumb-service\">\n\t\t\t<img decoding=\"async\" src=\"https:\/\/i0.wp.com\/www.rezonance-informatique.fr\/FR\/wp-content\/uploads\/2023\/07\/images.jpg?fit=276%2C183&#038;ssl=1\" alt=\"Transfert de comp\u00e9tences\"\/>\n\t\t<\/div><div class=\"title-wrap\">\n  <h6>Transfert de comp\u00e9tences<\/h6><div class=\"content\">Las des formations g\u00e9n\u00e9riques, pr\u00e9f\u00e9rer le transfert de comp\u00e9tences<\/div> <\/div>\n   <a href=\"https:\/\/www.rezonance-informatique.fr\/FR\/transfert-de-competences\/\" class=\"circle-btn\"><span><\/span><svg x=\"0px\" y=\"0px\" width=\"50px\" height=\"50px\" viewBox=\"0 0 54 54\"><circle fill=\"transparent\" stroke=\"#656e79\" stroke-width=\"1\" cx=\"27\" cy=\"27\" r=\"25\" stroke-dasharray=\"157 157\" stroke-dashoffset=\"157\"><\/circle><\/svg><\/a>\t<\/div>\n    [\/vc_column_inner][vc_column_inner width=\u00a0\u00bb1\/2&Prime;]\t<div class=\"image_box  pixi_image_box-style4 \" data-wow-delay=\"0.1s\">\n        \n\t\t<div class=\"thumb-service\">\n\t\t\t<img decoding=\"async\" src=\"https:\/\/i0.wp.com\/www.rezonance-informatique.fr\/FR\/wp-content\/uploads\/2019\/10\/R%C3%A9seau.png?fit=800%2C588&#038;ssl=1\" alt=\"R\u00e9seau\"\/>\n\t\t<\/div><div class=\"title-wrap\">\n  <h6>R\u00e9seau<\/h6><div class=\"content\">C'est le nerf central, ce qui permet \u00e0 tous les \u00e9quipements informatiques de communiquer ensemble. Le n\u00e9gliger c'est aborder t\u00f4t ou tard des probl\u00e8mes importants.<\/div> <\/div>\n   <a href=\"https:\/\/www.rezonance-informatique.fr\/FR\/reseau\/\" class=\"circle-btn\"><span><\/span><svg x=\"0px\" y=\"0px\" width=\"50px\" height=\"50px\" viewBox=\"0 0 54 54\"><circle fill=\"transparent\" stroke=\"#656e79\" stroke-width=\"1\" cx=\"27\" cy=\"27\" r=\"25\" stroke-dasharray=\"157 157\" stroke-dashoffset=\"157\"><\/circle><\/svg><\/a>\t<\/div>\n    [vc_empty_space height=\u00a0\u00bb5px\u00a0\u00bb]\t<div class=\"image_box  pixi_image_box-style4 \" data-wow-delay=\"0.1s\">\n        \n\t\t<div class=\"thumb-service\">\n\t\t\t<img decoding=\"async\" src=\"https:\/\/i0.wp.com\/www.rezonance-informatique.fr\/FR\/wp-content\/uploads\/2019\/10\/Dev.jpg?fit=3333%2C2450&#038;ssl=1\" alt=\"D\u00e9veloppements\"\/>\n\t\t<\/div><div class=\"title-wrap\">\n  <h6>D\u00e9veloppements<\/h6><div class=\"content\">\u00c0 partir d'un cahier des charges complet, votre projet de logiciel ou de d\u00e9veloppement web se concr\u00e9tisera. Que ce soit pour des environnements Windows, Internet ou toute plateforme mobile confondue, nous r\u00e9pondrons \u00e0 vos exigences.<\/div> <\/div>\n   <a href=\"https:\/\/www.rezonance-informatique.fr\/FR\/developpements\/\" class=\"circle-btn\"><span><\/span><svg x=\"0px\" y=\"0px\" width=\"50px\" height=\"50px\" viewBox=\"0 0 54 54\"><circle fill=\"transparent\" stroke=\"#656e79\" stroke-width=\"1\" cx=\"27\" cy=\"27\" r=\"25\" stroke-dasharray=\"157 157\" stroke-dashoffset=\"157\"><\/circle><\/svg><\/a>\t<\/div>\n    [vc_empty_space height=\u00a0\u00bb5px\u00a0\u00bb]\t<div class=\"image_box  pixi_image_box-style4 \" data-wow-delay=\"0.1s\">\n        \n\t\t<div class=\"thumb-service\">\n\t\t\t<img decoding=\"async\" src=\"https:\/\/i0.wp.com\/www.rezonance-informatique.fr\/FR\/wp-content\/uploads\/2019\/10\/S%C3%A9curit%C3%A9-01.jpg?fit=800%2C589&#038;ssl=1\" alt=\"S\u00e9curit\u00e9\"\/>\n\t\t<\/div><div class=\"title-wrap\">\n  <h6>S\u00e9curit\u00e9<\/h6><div class=\"content\">Pour votre s\u00e9curit\u00e9, faite confiance \u00e0 votre partenaire certifi\u00e9<\/div> <\/div>\n   <a href=\"https:\/\/www.rezonance-informatique.fr\/FR\/securite\/\" class=\"circle-btn\"><span><\/span><svg x=\"0px\" y=\"0px\" width=\"50px\" height=\"50px\" viewBox=\"0 0 54 54\"><circle fill=\"transparent\" stroke=\"#656e79\" stroke-width=\"1\" cx=\"27\" cy=\"27\" r=\"25\" stroke-dasharray=\"157 157\" stroke-dashoffset=\"157\"><\/circle><\/svg><\/a>\t<\/div>\n    [vc_empty_space height=\u00a0\u00bb5px\u00a0\u00bb]\t<div class=\"image_box  pixi_image_box-style4 \" data-wow-delay=\"0.1s\">\n        \n\t\t<div class=\"thumb-service\">\n\t\t\t<img decoding=\"async\" src=\"https:\/\/i0.wp.com\/www.rezonance-informatique.fr\/FR\/wp-content\/uploads\/2023\/07\/Telephonie-IP.jpg?fit=826%2C459&#038;ssl=1\" alt=\"T\u00e9l\u00e9phonie IP\"\/>\n\t\t<\/div><div class=\"title-wrap\">\n  <h6>T\u00e9l\u00e9phonie IP<\/h6><div class=\"content\">La t\u00e9l\u00e9phonie IP \u00e0 l'\u00e9coute de vos besoins<\/div> <\/div>\n   <a href=\"https:\/\/www.rezonance-informatique.fr\/FR\/telephonie-ip\/\" class=\"circle-btn\"><span><\/span><svg x=\"0px\" y=\"0px\" width=\"50px\" height=\"50px\" viewBox=\"0 0 54 54\"><circle fill=\"transparent\" stroke=\"#656e79\" stroke-width=\"1\" cx=\"27\" cy=\"27\" r=\"25\" stroke-dasharray=\"157 157\" stroke-dashoffset=\"157\"><\/circle><\/svg><\/a>\t<\/div>\n    [\/vc_column_inner][\/vc_row_inner][\/vc_column][vc_column width=\u00a0\u00bb1\/6&Prime;][\/vc_column][\/vc_row][vc_row row_separator=\u00a0\u00bbwave\u00a0\u00bb position_separator=\u00a0\u00bbsvg_top_bottom\u00a0\u00bb color_separator=\u00a0\u00bbsvg_white\u00a0\u00bb content_bg_color=\u00a0\u00bbbg-color-main\u00a0\u00bb content_color=\u00a0\u00bbwhite_txt\u00a0\u00bb css=\u00a0\u00bb.vc_custom_1570580690271{padding-top: 230px !important;padding-bottom: 150px !important;}\u00a0\u00bb el_class=\u00a0\u00bbbg-size\u00a0\u00bb][vc_column]      <div class=\"pixi_heading-style4 text-center \" data-wow-delay=\"0.1s\"><h3>Notre \u00e9quipe vous attends<\/h3>                    \n    <\/div>\n    [vc_column_text css=\u00a0\u00bb.vc_custom_1570580026815{margin-bottom: 0px !important;padding-right: 20% !important;padding-left: 20% !important;}\u00a0\u00bb]<\/p>\n<p style=\"text-align: center;\">Rezonance Informatique, votre partenaire digital pour faire \u00e9voluer vos objectifs.<\/p>\n<p>[\/vc_column_text]\t<div class=\"mo-team-wrapper clearfix tpl3  \">\n\t\t<div class=\"mo-team\">\n\t\t\t<div class=\"row\">\n\t\t\t\t<div class=\"col-xs-12 col-sm-6 col-md-6 col-lg-6\">\n    <div class=\"team-member-temp3 \" data-wow-delay=.4s>\n     <div class=\"team-member-overlay\">\n        <img loading=\"lazy\" decoding=\"async\" width=\"361\" height=\"361\" src=\"https:\/\/i0.wp.com\/www.rezonance-informatique.fr\/FR\/wp-content\/uploads\/2018\/06\/56506-Converti.jpg?resize=361%2C361&amp;ssl=1\" class=\"attachment-pixi-team size-pixi-team wp-post-image\" alt=\"David Brandon\" srcset=\"https:\/\/i0.wp.com\/www.rezonance-informatique.fr\/FR\/wp-content\/uploads\/2018\/06\/56506-Converti.jpg?w=361&amp;ssl=1 361w, https:\/\/i0.wp.com\/www.rezonance-informatique.fr\/FR\/wp-content\/uploads\/2018\/06\/56506-Converti.jpg?resize=150%2C150&amp;ssl=1 150w, https:\/\/i0.wp.com\/www.rezonance-informatique.fr\/FR\/wp-content\/uploads\/2018\/06\/56506-Converti.jpg?resize=300%2C300&amp;ssl=1 300w, https:\/\/i0.wp.com\/www.rezonance-informatique.fr\/FR\/wp-content\/uploads\/2018\/06\/56506-Converti.jpg?resize=100%2C100&amp;ssl=1 100w\" sizes=\"auto, (max-width: 361px) 100vw, 361px\" \/>\t\t<div class=\"team-member-links social-icons style1\">\n\t\t  <div class=\"icon-links\"><a class=\"linkedin\" href=\"https:\/\/www.linkedin.com\/in\/david-brandon\/\" target=\"_blank\"><span class=\"fa fa-linkedin\"><\/span><\/a><\/div>\t\t<\/div>\n     <\/div>\n\t <div class=\"team-details team-member-details\">\n\t\t<h5><a href=\"https:\/\/www.rezonance-informatique.fr\/FR\/team\/ali-harvard\/\">David Brandon<\/a><\/h5>\n\t\t<h6>Directeur G\u00e9n\u00e9ral<\/h6>\n\t <\/div>\n  <\/div>\n<\/div><div class=\"col-xs-12 col-sm-6 col-md-6 col-lg-6\">\n    <div class=\"team-member-temp3 \" data-wow-delay=.4s>\n     <div class=\"team-member-overlay\">\n        <img loading=\"lazy\" decoding=\"async\" width=\"361\" height=\"361\" src=\"https:\/\/i0.wp.com\/www.rezonance-informatique.fr\/FR\/wp-content\/uploads\/2018\/06\/56506-Converti0-01.jpg?resize=361%2C361&amp;ssl=1\" class=\"attachment-pixi-team size-pixi-team wp-post-image\" alt=\"Gwenn PERROT\" srcset=\"https:\/\/i0.wp.com\/www.rezonance-informatique.fr\/FR\/wp-content\/uploads\/2018\/06\/56506-Converti0-01.jpg?w=361&amp;ssl=1 361w, https:\/\/i0.wp.com\/www.rezonance-informatique.fr\/FR\/wp-content\/uploads\/2018\/06\/56506-Converti0-01.jpg?resize=150%2C150&amp;ssl=1 150w, https:\/\/i0.wp.com\/www.rezonance-informatique.fr\/FR\/wp-content\/uploads\/2018\/06\/56506-Converti0-01.jpg?resize=300%2C300&amp;ssl=1 300w, https:\/\/i0.wp.com\/www.rezonance-informatique.fr\/FR\/wp-content\/uploads\/2018\/06\/56506-Converti0-01.jpg?resize=100%2C100&amp;ssl=1 100w\" sizes=\"auto, (max-width: 361px) 100vw, 361px\" \/>\t\t<div class=\"team-member-links social-icons style1\">\n\t\t  <div class=\"icon-links\"><a class=\"linkedin\" href=\"https:\/\/www.linkedin.com\/in\/gwenn-perrot-72267a192\/\" target=\"_blank\"><span class=\"fa fa-linkedin\"><\/span><\/a><\/div>\t\t<\/div>\n     <\/div>\n\t <div class=\"team-details team-member-details\">\n\t\t<h5><a href=\"https:\/\/www.rezonance-informatique.fr\/FR\/team\/emy-jonson\/\">Gwenn PERROT<\/a><\/h5>\n\t\t<h6>Pr\u00e9sident<\/h6>\n\t <\/div>\n  <\/div>\n<\/div>\t\t\t\t<div style=\"clear: both;\"><\/div>\n\t\t\t<\/div>\n\t\t<\/div>\n\t<\/div>\n    [\/vc_column][\/vc_row][vc_row css=\u00a0\u00bb.vc_custom_1570580501399{padding-top: 60px !important;padding-bottom: 60px !important;}\u00a0\u00bb el_class=\u00a0\u00bbbg-size\u00a0\u00bb][vc_column]\t\t<div class=\"mo-image-carousel-wrap   primary \">\n\t\t\t<div class=\"image-carousel\" data-col_lg=\"6\" data-col_md=\"4\" data-col_sm=\"3\" data-col_xs=\"1\" data-item_space=\"15\" data-loop=\"true\" data-autoplay=\"true\" data-smartspeed=\"300\" data-nav=\"false\" data-dots=\"false\">\n\t\t\t\t<img decoding=\"async\" src=\"https:\/\/i0.wp.com\/www.rezonance-informatique.fr\/FR\/wp-content\/uploads\/2019\/10\/PC_Soft_Logo.jpg?fit=400%2C300&#038;ssl=1\" alt=\"image\"\/><img decoding=\"async\" src=\"https:\/\/i0.wp.com\/www.rezonance-informatique.fr\/FR\/wp-content\/uploads\/2019\/10\/Trend-Micro-Logo.jpg?fit=400%2C300&#038;ssl=1\" alt=\"image\"\/><img decoding=\"async\" src=\"https:\/\/i0.wp.com\/www.rezonance-informatique.fr\/FR\/wp-content\/uploads\/2019\/10\/dell.jpg?fit=400%2C300&#038;ssl=1\" alt=\"image\"\/><img decoding=\"async\" src=\"https:\/\/i0.wp.com\/www.rezonance-informatique.fr\/FR\/wp-content\/uploads\/2019\/10\/HP.jpg?fit=400%2C300&#038;ssl=1\" alt=\"image\"\/><img decoding=\"async\" src=\"https:\/\/i0.wp.com\/www.rezonance-informatique.fr\/FR\/wp-content\/uploads\/2019\/10\/1.jpg?fit=400%2C300&#038;ssl=1\" alt=\"image\"\/><img decoding=\"async\" src=\"https:\/\/i0.wp.com\/www.rezonance-informatique.fr\/FR\/wp-content\/uploads\/2019\/10\/0.jpg?fit=400%2C300&#038;ssl=1\" alt=\"image\"\/><img decoding=\"async\" src=\"https:\/\/i0.wp.com\/www.rezonance-informatique.fr\/FR\/wp-content\/uploads\/2019\/10\/veeam-vmtsp.jpg?fit=400%2C300&#038;ssl=1\" alt=\"image\"\/><img decoding=\"async\" src=\"https:\/\/i0.wp.com\/www.rezonance-informatique.fr\/FR\/wp-content\/uploads\/2019\/10\/veeam-vmsp.jpg?fit=400%2C300&#038;ssl=1\" alt=\"image\"\/><img decoding=\"async\" src=\"https:\/\/i0.wp.com\/www.rezonance-informatique.fr\/FR\/wp-content\/uploads\/2021\/04\/3CX-Partner_300x251px.jpg?fit=300%2C251&#038;ssl=1\" alt=\"image\"\/><img decoding=\"async\" src=\"https:\/\/i0.wp.com\/www.rezonance-informatique.fr\/FR\/wp-content\/uploads\/2023\/07\/cloud-tech-fundamentals.png?fit=2048%2C2048&#038;ssl=1\" alt=\"image\"\/>\t\t\t<\/div>\n\t\t<\/div>\n    [\/vc_column][\/vc_row]<\/p>\n","protected":false},"excerpt":{"rendered":"<p>[vc_row parallax=\u00a0\u00bbcontent-moving\u00a0\u00bb parallax_image=\u00a0\u00bb2912&Prime; row_separator=\u00a0\u00bblg_triangle\u00a0\u00bb color_separator=\u00a0\u00bbsvg_white\u00a0\u00bb canvas=\u00a0\u00bbparticles1&Prime; content_bg_color=\u00a0\u00bbbg-color-main\u00a0\u00bb content_color=\u00a0\u00bbwhite_txt\u00a0\u00bb css=\u00a0\u00bb.vc_custom_1574246175112{padding-top: 80px !important;padding-bottom: 200px !important;}\u00a0\u00bb][vc_column][vc_row_inner css=\u00a0\u00bb.vc_custom_1537101970920{margin-bottom: 0px !important;padding-top: 170px !important;}\u00a0\u00bb][vc_column_inner width=\u00a0\u00bb1\/2&Prime; offset=\u00a0\u00bbvc_col-xs-12&Prime;][vc_column_text] Rezonance Informatique Soci\u00e9t\u00e9 de prestations et de solutions informatique. Nous apportons nos comp\u00e9tences au sein de votre entreprise, aussi bien en r\u00e9seaux, contrats de services, prestations ponctuelles, formations, d\u00e9veloppements sp\u00e9cifiques. Quelle que soit votre taille, [&hellip;]<\/p>\n","protected":false},"author":1,"featured_media":2861,"parent":0,"menu_order":0,"comment_status":"closed","ping_status":"closed","template":"page-no-title-bar.php","meta":{"footnotes":""},"class_list":["post-884","page","type-page","status-publish","has-post-thumbnail","hentry"],"jetpack_sharing_enabled":true,"_links":{"self":[{"href":"https:\/\/www.rezonance-informatique.fr\/FR\/wp-json\/wp\/v2\/pages\/884","targetHints":{"allow":["GET"]}}],"collection":[{"href":"https:\/\/www.rezonance-informatique.fr\/FR\/wp-json\/wp\/v2\/pages"}],"about":[{"href":"https:\/\/www.rezonance-informatique.fr\/FR\/wp-json\/wp\/v2\/types\/page"}],"author":[{"embeddable":true,"href":"https:\/\/www.rezonance-informatique.fr\/FR\/wp-json\/wp\/v2\/users\/1"}],"replies":[{"embeddable":true,"href":"https:\/\/www.rezonance-informatique.fr\/FR\/wp-json\/wp\/v2\/comments?post=884"}],"version-history":[{"count":30,"href":"https:\/\/www.rezonance-informatique.fr\/FR\/wp-json\/wp\/v2\/pages\/884\/revisions"}],"predecessor-version":[{"id":4364,"href":"https:\/\/www.rezonance-informatique.fr\/FR\/wp-json\/wp\/v2\/pages\/884\/revisions\/4364"}],"wp:featuredmedia":[{"embeddable":true,"href":"https:\/\/www.rezonance-informatique.fr\/FR\/wp-json\/wp\/v2\/media\/2861"}],"wp:attachment":[{"href":"https:\/\/www.rezonance-informatique.fr\/FR\/wp-json\/wp\/v2\/media?parent=884"}],"curies":[{"name":"wp","href":"https:\/\/api.w.org\/{rel}","templated":true}]}}