{"id":4334,"date":"2023-07-10T14:56:53","date_gmt":"2023-07-10T12:56:53","guid":{"rendered":"https:\/\/www.rezonance-informatique.fr\/FR\/?page_id=4334"},"modified":"2023-07-11T14:52:16","modified_gmt":"2023-07-11T12:52:16","slug":"sauvegarde-deportee","status":"publish","type":"page","link":"https:\/\/www.rezonance-informatique.fr\/FR\/sauvegarde-deportee\/","title":{"rendered":"Sauvegarde"},"content":{"rendered":"<p>[vc_row row_separator=\u00a0\u00bbwaves_animate\u00a0\u00bb position_separator=\u00a0\u00bbsvg_top\u00a0\u00bb color_separator=\u00a0\u00bbsvg_primary\u00a0\u00bb mo_bg_overlay=\u00a0\u00bb#ffffff\u00a0\u00bb mo_bg_second_overlay=\u00a0\u00bb#ffffff\u00a0\u00bb css=\u00a0\u00bb.vc_custom_1570750702946{padding-top: 110px !important;}\u00a0\u00bb][vc_column][vc_row_inner css=\u00a0\u00bb.vc_custom_1514206454333{padding-top: 15px !important;}\u00a0\u00bb][vc_column_inner width=\u00a0\u00bb1\/3&Prime;][\/vc_column_inner][vc_column_inner width=\u00a0\u00bb1\/3&Prime;]    <div class=\"image-layers\">\n     \n\t\t\t\t\t<div class=\"image-layer wow fadeIn\" data-wow-delay=\"0.2s\" style=\"-webkit-transform: translate(0%, 0%); -moz-transform: translate(0%, 0%); -o-transform: translate(0%, 0%); transform: translate(0%, 0%);  z-index:2\">\n\t\t\t\t\t\t<img decoding=\"async\" class=\"\" src=\"https:\/\/i0.wp.com\/www.rezonance-informatique.fr\/FR\/wp-content\/uploads\/2023\/07\/Sauvegarde_Deportee.jpg?fit=311%2C162&#038;ssl=1\"  alt=\"Sauvegarde_D\u00e9port\u00e9e\"\/>\n\t\t\t\t\t<\/div>    <\/div>\n     <div class=\"clearfix\"><\/div>\n    [\/vc_column_inner][vc_column_inner width=\u00a0\u00bb1\/3&Prime;][\/vc_column_inner][\/vc_row_inner][vc_row_inner css=\u00a0\u00bb.vc_custom_1514206454333{padding-top: 15px !important;}\u00a0\u00bb][vc_column_inner width=\u00a0\u00bb1\/4&Prime;][vc_empty_space height=\u00a0\u00bb100px\u00a0\u00bb]    <div class=\"image-layers\">\n     \n\t\t\t\t\t<div class=\"image-layer wow fadeIn\" data-wow-delay=\"0.2s\" style=\"-webkit-transform: translate(0%, 0%); -moz-transform: translate(0%, 0%); -o-transform: translate(0%, 0%); transform: translate(0%, 0%);  z-index:2\">\n\t\t\t\t\t\t<img decoding=\"async\" class=\"\" src=\"https:\/\/i0.wp.com\/www.rezonance-informatique.fr\/FR\/wp-content\/uploads\/2019\/10\/veeam-vmtsp.jpg?fit=400%2C300&#038;ssl=1\"  alt=\"veeam vmtsp\"\/>\n\t\t\t\t\t<\/div>    <\/div>\n     <div class=\"clearfix\"><\/div>\n    [\/vc_column_inner][vc_column_inner width=\u00a0\u00bb1\/2&Prime;][vc_empty_space height=\u00a0\u00bb40px\u00a0\u00bb][vc_column_text]<\/p>\n<h6 style=\"text-align: center;\"><strong>Vos donn\u00e9es bien sauvegard\u00e9es !<\/strong><\/h6>\n<p style=\"text-align: center;\">Qu&rsquo;elles soient locales, distante, ou dans le cloud\u00a0 :<\/p>\n<p style=\"text-align: center;\">La sauvegarde est la cl\u00e9 de la s\u00e9r\u00e9nit\u00e9.<\/p>\n<p style=\"text-align: center;\">Du poste de travail, en passant par la messagerie jusqu&rsquo;au Data Center<\/p>\n<p style=\"text-align: center;\">A la fois partenaire des environnements Veeam Backup et Acronis,<\/p>\n<p style=\"text-align: center;\">nos solutions sont faites pour vous.<\/p>\n<p>[\/vc_column_text][\/vc_column_inner][vc_column_inner width=\u00a0\u00bb1\/4&Prime;][vc_empty_space height=\u00a0\u00bb80px\u00a0\u00bb]    <div class=\"image-layers\">\n     \n\t\t\t\t\t<div class=\"image-layer wow fadeIn\" data-wow-delay=\"0.2s\" style=\"-webkit-transform: translate(0%, 0%); -moz-transform: translate(0%, 0%); -o-transform: translate(0%, 0%); transform: translate(0%, 0%);  z-index:2\">\n\t\t\t\t\t\t<img decoding=\"async\" class=\"\" src=\"https:\/\/i0.wp.com\/www.rezonance-informatique.fr\/FR\/wp-content\/uploads\/2023\/07\/cloud-tech-fundamentals.png?fit=2048%2C2048&#038;ssl=1\"  alt=\"cloud-tech-fundamentals\"\/>\n\t\t\t\t\t<\/div>    <\/div>\n     <div class=\"clearfix\"><\/div>\n    [\/vc_column_inner][\/vc_row_inner][\/vc_column][\/vc_row][vc_row parallax=\u00a0\u00bbcontent-moving\u00a0\u00bb parallax_image=\u00a0\u00bb2793&Prime; row_separator=\u00a0\u00bbwave\u00a0\u00bb position_separator=\u00a0\u00bbsvg_top\u00a0\u00bb color_separator=\u00a0\u00bbsvg_white\u00a0\u00bb content_bg_color=\u00a0\u00bbbg-gradient\u00a0\u00bb content_color=\u00a0\u00bbwhite_txt\u00a0\u00bb css=\u00a0\u00bb.vc_custom_1572044275907{padding-top: 260px !important;padding-bottom: 160px !important;}\u00a0\u00bb][vc_column][vc_empty_space][vc_column_text]<\/p>\n<h3 style=\"text-align: center;\">Un renseignement ? Un devis ?<\/h3>\n<p>[\/vc_column_text]     <div class=\"text-center  \" data-wow-delay=\"0.1s\">\n          <a class=\"button light hr_primary bg_primary  bg_hr_light medium radius4 no_shadow hr_no_shadow hover_shine\" href=\"https:\/\/www.rezonance-informatique.fr\/FR\/contact\/\" target=\"_self\">Contact<\/a> \n\t <\/div>\n    [\/vc_column][\/vc_row]<\/p>\n","protected":false},"excerpt":{"rendered":"<p>[vc_row row_separator=\u00a0\u00bbwaves_animate\u00a0\u00bb position_separator=\u00a0\u00bbsvg_top\u00a0\u00bb color_separator=\u00a0\u00bbsvg_primary\u00a0\u00bb mo_bg_overlay=\u00a0\u00bb#ffffff\u00a0\u00bb mo_bg_second_overlay=\u00a0\u00bb#ffffff\u00a0\u00bb css=\u00a0\u00bb.vc_custom_1570750702946{padding-top: 110px !important;}\u00a0\u00bb][vc_column][vc_row_inner css=\u00a0\u00bb.vc_custom_1514206454333{padding-top: 15px !important;}\u00a0\u00bb][vc_column_inner width=\u00a0\u00bb1\/3&Prime;][\/vc_column_inner][vc_column_inner width=\u00a0\u00bb1\/3&Prime;][\/vc_column_inner][vc_column_inner width=\u00a0\u00bb1\/3&Prime;][\/vc_column_inner][\/vc_row_inner][vc_row_inner css=\u00a0\u00bb.vc_custom_1514206454333{padding-top: 15px !important;}\u00a0\u00bb][vc_column_inner width=\u00a0\u00bb1\/4&Prime;][vc_empty_space height=\u00a0\u00bb100px\u00a0\u00bb][\/vc_column_inner][vc_column_inner width=\u00a0\u00bb1\/2&Prime;][vc_empty_space height=\u00a0\u00bb40px\u00a0\u00bb][vc_column_text] Vos donn\u00e9es bien sauvegard\u00e9es ! Qu&rsquo;elles soient locales, distante, ou dans le cloud\u00a0 : La sauvegarde est la cl\u00e9 de la s\u00e9r\u00e9nit\u00e9. Du poste de travail, en passant par la messagerie jusqu&rsquo;au Data [&hellip;]<\/p>\n","protected":false},"author":1,"featured_media":4317,"parent":0,"menu_order":0,"comment_status":"closed","ping_status":"closed","template":"","meta":{"footnotes":""},"class_list":["post-4334","page","type-page","status-publish","has-post-thumbnail","hentry"],"jetpack_sharing_enabled":true,"_links":{"self":[{"href":"https:\/\/www.rezonance-informatique.fr\/FR\/wp-json\/wp\/v2\/pages\/4334","targetHints":{"allow":["GET"]}}],"collection":[{"href":"https:\/\/www.rezonance-informatique.fr\/FR\/wp-json\/wp\/v2\/pages"}],"about":[{"href":"https:\/\/www.rezonance-informatique.fr\/FR\/wp-json\/wp\/v2\/types\/page"}],"author":[{"embeddable":true,"href":"https:\/\/www.rezonance-informatique.fr\/FR\/wp-json\/wp\/v2\/users\/1"}],"replies":[{"embeddable":true,"href":"https:\/\/www.rezonance-informatique.fr\/FR\/wp-json\/wp\/v2\/comments?post=4334"}],"version-history":[{"count":8,"href":"https:\/\/www.rezonance-informatique.fr\/FR\/wp-json\/wp\/v2\/pages\/4334\/revisions"}],"predecessor-version":[{"id":4374,"href":"https:\/\/www.rezonance-informatique.fr\/FR\/wp-json\/wp\/v2\/pages\/4334\/revisions\/4374"}],"wp:featuredmedia":[{"embeddable":true,"href":"https:\/\/www.rezonance-informatique.fr\/FR\/wp-json\/wp\/v2\/media\/4317"}],"wp:attachment":[{"href":"https:\/\/www.rezonance-informatique.fr\/FR\/wp-json\/wp\/v2\/media?parent=4334"}],"curies":[{"name":"wp","href":"https:\/\/api.w.org\/{rel}","templated":true}]}}