{"id":4307,"date":"2023-07-10T10:23:32","date_gmt":"2023-07-10T08:23:32","guid":{"rendered":"https:\/\/www.rezonance-informatique.fr\/FR\/?page_id=4307"},"modified":"2023-07-10T16:44:46","modified_gmt":"2023-07-10T14:44:46","slug":"transfert-de-competences","status":"publish","type":"page","link":"https:\/\/www.rezonance-informatique.fr\/FR\/transfert-de-competences\/","title":{"rendered":"Transfert de comp\u00e9tences"},"content":{"rendered":"<p>[vc_row row_separator=\u00a0\u00bbwaves_animate\u00a0\u00bb position_separator=\u00a0\u00bbsvg_top\u00a0\u00bb color_separator=\u00a0\u00bbsvg_primary\u00a0\u00bb mo_bg_overlay=\u00a0\u00bb#ffffff\u00a0\u00bb mo_bg_second_overlay=\u00a0\u00bb#ffffff\u00a0\u00bb css=\u00a0\u00bb.vc_custom_1570750702946{padding-top: 110px !important;}\u00a0\u00bb][vc_column][vc_row_inner css=\u00a0\u00bb.vc_custom_1514206454333{padding-top: 15px !important;}\u00a0\u00bb][vc_column_inner width=\u00a0\u00bb1\/3&Prime;][\/vc_column_inner][vc_column_inner width=\u00a0\u00bb1\/3&Prime;]    <div class=\"image-layers\">\n     \n\t\t\t\t\t<div class=\"image-layer wow fadeIn\" data-wow-delay=\"0.2s\" style=\"-webkit-transform: translate(0%, 0%); -moz-transform: translate(0%, 0%); -o-transform: translate(0%, 0%); transform: translate(0%, 0%);  z-index:2\">\n\t\t\t\t\t\t<img decoding=\"async\" class=\"\" src=\"https:\/\/i0.wp.com\/www.rezonance-informatique.fr\/FR\/wp-content\/uploads\/2023\/07\/images.jpg?fit=276%2C183&#038;ssl=1\"  alt=\"images\"\/>\n\t\t\t\t\t<\/div>    <\/div>\n     <div class=\"clearfix\"><\/div>\n    [\/vc_column_inner][vc_column_inner width=\u00a0\u00bb1\/3&Prime;][\/vc_column_inner][\/vc_row_inner][vc_row_inner css=\u00a0\u00bb.vc_custom_1514206454333{padding-top: 15px !important;}\u00a0\u00bb][vc_column_inner width=\u00a0\u00bb1\/4&Prime;][\/vc_column_inner][vc_column_inner width=\u00a0\u00bb1\/2&Prime;][vc_empty_space height=\u00a0\u00bb40px\u00a0\u00bb][vc_column_text]<\/p>\n<h6 style=\"text-align: center;\"><strong>Un capital \u00ab\u00a0savoir\u00a0\u00bb adapt\u00e9 pour vos \u00e9quipes<\/strong><\/h6>\n<p style=\"text-align: center;\">Las des formations g\u00e9n\u00e9riques, pr\u00e9f\u00e9rez plut\u00f4t le transfert de comp\u00e9tence adapt\u00e9s aux besoins de vos collaborateurs.<\/p>\n<p style=\"text-align: center;\">En situation r\u00e9elle, \u00e0 distance ou sur site.<\/p>\n<p style=\"text-align: center;\">C&rsquo;est vous qui maitrisez le contenu !<\/p>\n<p>[\/vc_column_text][\/vc_column_inner][vc_column_inner width=\u00a0\u00bb1\/4&Prime;][\/vc_column_inner][\/vc_row_inner][\/vc_column][\/vc_row][vc_row parallax=\u00a0\u00bbcontent-moving\u00a0\u00bb parallax_image=\u00a0\u00bb2793&Prime; row_separator=\u00a0\u00bbwave\u00a0\u00bb position_separator=\u00a0\u00bbsvg_top\u00a0\u00bb color_separator=\u00a0\u00bbsvg_white\u00a0\u00bb content_bg_color=\u00a0\u00bbbg-gradient\u00a0\u00bb content_color=\u00a0\u00bbwhite_txt\u00a0\u00bb css=\u00a0\u00bb.vc_custom_1572044275907{padding-top: 260px !important;padding-bottom: 160px !important;}\u00a0\u00bb][vc_column][vc_empty_space][vc_column_text]<\/p>\n<h3 style=\"text-align: center;\">Un renseignement ? Un devis ?<\/h3>\n<p>[\/vc_column_text]     <div class=\"text-center  \" data-wow-delay=\"0.1s\">\n          <a class=\"button light hr_primary bg_primary  bg_hr_light medium radius4 no_shadow hr_no_shadow hover_shine\" href=\"https:\/\/www.rezonance-informatique.fr\/FR\/contact\/\" target=\"_self\">Contact<\/a> \n\t <\/div>\n    [\/vc_column][\/vc_row]<\/p>\n","protected":false},"excerpt":{"rendered":"<p>[vc_row row_separator=\u00a0\u00bbwaves_animate\u00a0\u00bb position_separator=\u00a0\u00bbsvg_top\u00a0\u00bb color_separator=\u00a0\u00bbsvg_primary\u00a0\u00bb mo_bg_overlay=\u00a0\u00bb#ffffff\u00a0\u00bb mo_bg_second_overlay=\u00a0\u00bb#ffffff\u00a0\u00bb css=\u00a0\u00bb.vc_custom_1570750702946{padding-top: 110px !important;}\u00a0\u00bb][vc_column][vc_row_inner css=\u00a0\u00bb.vc_custom_1514206454333{padding-top: 15px !important;}\u00a0\u00bb][vc_column_inner width=\u00a0\u00bb1\/3&Prime;][\/vc_column_inner][vc_column_inner width=\u00a0\u00bb1\/3&Prime;][\/vc_column_inner][vc_column_inner width=\u00a0\u00bb1\/3&Prime;][\/vc_column_inner][\/vc_row_inner][vc_row_inner css=\u00a0\u00bb.vc_custom_1514206454333{padding-top: 15px !important;}\u00a0\u00bb][vc_column_inner width=\u00a0\u00bb1\/4&Prime;][\/vc_column_inner][vc_column_inner width=\u00a0\u00bb1\/2&Prime;][vc_empty_space height=\u00a0\u00bb40px\u00a0\u00bb][vc_column_text] Un capital \u00ab\u00a0savoir\u00a0\u00bb adapt\u00e9 pour vos \u00e9quipes Las des formations g\u00e9n\u00e9riques, pr\u00e9f\u00e9rez plut\u00f4t le transfert de comp\u00e9tence adapt\u00e9s aux besoins de vos collaborateurs. En situation r\u00e9elle, \u00e0 distance ou sur site. C&rsquo;est vous qui [&hellip;]<\/p>\n","protected":false},"author":1,"featured_media":4317,"parent":0,"menu_order":0,"comment_status":"closed","ping_status":"closed","template":"","meta":{"footnotes":""},"class_list":["post-4307","page","type-page","status-publish","has-post-thumbnail","hentry"],"jetpack_sharing_enabled":true,"_links":{"self":[{"href":"https:\/\/www.rezonance-informatique.fr\/FR\/wp-json\/wp\/v2\/pages\/4307","targetHints":{"allow":["GET"]}}],"collection":[{"href":"https:\/\/www.rezonance-informatique.fr\/FR\/wp-json\/wp\/v2\/pages"}],"about":[{"href":"https:\/\/www.rezonance-informatique.fr\/FR\/wp-json\/wp\/v2\/types\/page"}],"author":[{"embeddable":true,"href":"https:\/\/www.rezonance-informatique.fr\/FR\/wp-json\/wp\/v2\/users\/1"}],"replies":[{"embeddable":true,"href":"https:\/\/www.rezonance-informatique.fr\/FR\/wp-json\/wp\/v2\/comments?post=4307"}],"version-history":[{"count":6,"href":"https:\/\/www.rezonance-informatique.fr\/FR\/wp-json\/wp\/v2\/pages\/4307\/revisions"}],"predecessor-version":[{"id":4354,"href":"https:\/\/www.rezonance-informatique.fr\/FR\/wp-json\/wp\/v2\/pages\/4307\/revisions\/4354"}],"wp:featuredmedia":[{"embeddable":true,"href":"https:\/\/www.rezonance-informatique.fr\/FR\/wp-json\/wp\/v2\/media\/4317"}],"wp:attachment":[{"href":"https:\/\/www.rezonance-informatique.fr\/FR\/wp-json\/wp\/v2\/media?parent=4307"}],"curies":[{"name":"wp","href":"https:\/\/api.w.org\/{rel}","templated":true}]}}