{"id":2630,"date":"2019-10-15T20:06:26","date_gmt":"2019-10-15T18:06:26","guid":{"rendered":"https:\/\/localhost\/www\/?page_id=2630"},"modified":"2023-07-11T16:32:38","modified_gmt":"2023-07-11T14:32:38","slug":"developpements","status":"publish","type":"page","link":"https:\/\/www.rezonance-informatique.fr\/FR\/developpements\/","title":{"rendered":"D\u00e9veloppements"},"content":{"rendered":"<p>[vc_row row_separator=\u00a0\u00bbwaves_animate\u00a0\u00bb position_separator=\u00a0\u00bbsvg_top\u00a0\u00bb color_separator=\u00a0\u00bbsvg_primary\u00a0\u00bb mo_bg_overlay=\u00a0\u00bb#ffffff\u00a0\u00bb mo_bg_second_overlay=\u00a0\u00bb#ffffff\u00a0\u00bb css=\u00a0\u00bb.vc_custom_1570750702946{padding-top: 110px !important;}\u00a0\u00bb][vc_column][vc_row_inner css=\u00a0\u00bb.vc_custom_1514206454333{padding-top: 15px !important;}\u00a0\u00bb][vc_column_inner width=\u00a0\u00bb1\/3&Prime;][\/vc_column_inner][vc_column_inner width=\u00a0\u00bb1\/3&Prime;]    <div class=\"image-layers\">\n     \n\t\t\t\t\t<div class=\"image-layer wow fadeIn\" data-wow-delay=\"0.2s\" style=\"-webkit-transform: translate(0%, 0%); -moz-transform: translate(0%, 0%); -o-transform: translate(0%, 0%); transform: translate(0%, 0%);  z-index:2\">\n\t\t\t\t\t\t<img decoding=\"async\" class=\"\" src=\"https:\/\/i0.wp.com\/www.rezonance-informatique.fr\/FR\/wp-content\/uploads\/2019\/10\/Dev.jpg?fit=3333%2C2450&#038;ssl=1\"  alt=\"D\u00e9veloppement\"\/>\n\t\t\t\t\t<\/div>    <\/div>\n     <div class=\"clearfix\"><\/div>\n    [\/vc_column_inner][vc_column_inner width=\u00a0\u00bb1\/3&Prime;][\/vc_column_inner][\/vc_row_inner][vc_row_inner css=\u00a0\u00bb.vc_custom_1514206454333{padding-top: 15px !important;}\u00a0\u00bb][vc_column_inner width=\u00a0\u00bb1\/4&Prime;][vc_empty_space height=\u00a0\u00bb40px\u00a0\u00bb]\t<div class=\"image_box  pixi_image_box-style1 \" data-wow-delay=\"0.1s\">\n        <a href=\"\">\n  <div class=\"img-perspective\">\n\t<img decoding=\"async\" class=\"img-resposive\" src=\"https:\/\/i0.wp.com\/www.rezonance-informatique.fr\/FR\/wp-content\/uploads\/2023\/07\/windev.png?fit=415%2C84&#038;ssl=1\" alt=\"\" \/>\n\t<div class=\"perspective_overlay\"><\/div>\n\t<div class=\"perspective-caption\">\n\t\t\t<\/div>\n  <\/div>\n<\/a>\t<\/div>\n    [vc_empty_space height=\u00a0\u00bb40px\u00a0\u00bb]\t<div class=\"image_box  pixi_image_box-style1 \" data-wow-delay=\"0.1s\">\n        <a href=\"\">\n  <div class=\"img-perspective\">\n\t<img decoding=\"async\" class=\"img-resposive\" src=\"https:\/\/i0.wp.com\/www.rezonance-informatique.fr\/FR\/wp-content\/uploads\/2023\/07\/webdev.png?fit=415%2C82&#038;ssl=1\" alt=\"\" \/>\n\t<div class=\"perspective_overlay\"><\/div>\n\t<div class=\"perspective-caption\">\n\t\t\t<\/div>\n  <\/div>\n<\/a>\t<\/div>\n    [vc_empty_space height=\u00a0\u00bb40px\u00a0\u00bb]\t<div class=\"image_box  pixi_image_box-style1 \" data-wow-delay=\"0.1s\">\n        <a href=\"\">\n  <div class=\"img-perspective\">\n\t<img decoding=\"async\" class=\"img-resposive\" src=\"https:\/\/i0.wp.com\/www.rezonance-informatique.fr\/FR\/wp-content\/uploads\/2023\/07\/windev-mobile.png?fit=415%2C139&#038;ssl=1\" alt=\"\" \/>\n\t<div class=\"perspective_overlay\"><\/div>\n\t<div class=\"perspective-caption\">\n\t\t\t<\/div>\n  <\/div>\n<\/a>\t<\/div>\n    [\/vc_column_inner][vc_column_inner width=\u00a0\u00bb1\/2&Prime;][vc_empty_space height=\u00a0\u00bb40px\u00a0\u00bb][vc_column_text]<\/p>\n<h6 style=\"text-align: center;\"><strong>D\u00e9veloppement complet ou routine sp\u00e9cifique<\/strong><\/h6>\n<p style=\"text-align: center;\">\u00c0 partir d\u2019un cahier des charges complet, votre projet de logiciel ou de d\u00e9veloppement web se concr\u00e9tisera.<br \/>\nQue ce soit pour des environnements Windows, Internet ou toute plateforme mobile confondue, nous r\u00e9pondrons \u00e0 vos exigences.<br \/>\nUne simple routine de conversion ou d\u2019adaptation d\u2019un logiciel existant, et ce sont des heures en moins de travail pour vos collaborateurs, pensez-y !<\/p>\n<p>&nbsp;<\/p>\n<h6 style=\"text-align: center;\"><strong>Un accompagnement tout au long de la vie du produit<\/strong><\/h6>\n<p style=\"text-align: center;\">Il n&rsquo;y a pas que la phase de d\u00e9veloppement !<br \/>\nNous pouvons intervenir dans le cadre du support pour la mise en place l&rsquo;installation, les mises \u00e0 jour, la surveillance, des formations \u00e0 tous les niveaux.<\/p>\n<p style=\"text-align: center;\">\u00b0\u00b0\u00b0\u00b0\u00b0\u00b0<\/p>\n<p style=\"text-align: center;\"><em>Site vitrine, marchand, intranet, extranet.<\/em><br \/>\n<em>Logiciels de CRM, facturation, caisse, gestion de stock. Services sp\u00e9cifiques.<\/em><br \/>\n<em>Applications pour mobile : suivi de client\u00e8le, gestion de relev\u00e9, de QR-Code.<\/em><\/p>\n<p>[\/vc_column_text][\/vc_column_inner][vc_column_inner width=\u00a0\u00bb1\/4&Prime;][vc_empty_space height=\u00a0\u00bb40px\u00a0\u00bb]\t<div class=\"image_box  pixi_image_box-style1 \" data-wow-delay=\"0.1s\">\n        <a href=\"\">\n  <div class=\"img-perspective\">\n\t<img decoding=\"async\" class=\"img-resposive\" src=\"https:\/\/i0.wp.com\/www.rezonance-informatique.fr\/FR\/wp-content\/uploads\/2023\/07\/hfsql.png?fit=415%2C120&#038;ssl=1\" alt=\"\" \/>\n\t<div class=\"perspective_overlay\"><\/div>\n\t<div class=\"perspective-caption\">\n\t\t\t<\/div>\n  <\/div>\n<\/a>\t<\/div>\n    [\/vc_column_inner][\/vc_row_inner][\/vc_column][\/vc_row][vc_row parallax=\u00a0\u00bbcontent-moving\u00a0\u00bb parallax_image=\u00a0\u00bb2793&Prime; row_separator=\u00a0\u00bbwave\u00a0\u00bb position_separator=\u00a0\u00bbsvg_top\u00a0\u00bb color_separator=\u00a0\u00bbsvg_white\u00a0\u00bb content_bg_color=\u00a0\u00bbbg-gradient\u00a0\u00bb content_color=\u00a0\u00bbwhite_txt\u00a0\u00bb css=\u00a0\u00bb.vc_custom_1572044275907{padding-top: 260px !important;padding-bottom: 160px !important;}\u00a0\u00bb][vc_column][vc_empty_space][vc_column_text]<\/p>\n<h3 style=\"text-align: center;\">Un renseignement ? Un devis ?<\/h3>\n<p>[\/vc_column_text]     <div class=\"text-center  \" data-wow-delay=\"0.1s\">\n          <a class=\"button light hr_primary bg_primary  bg_hr_light medium radius4 no_shadow hr_no_shadow hover_shine\" href=\"https:\/\/www.rezonance-informatique.fr\/FR\/contact\/\" target=\"_self\">Contact<\/a> \n\t <\/div>\n    [\/vc_column][\/vc_row]<\/p>\n","protected":false},"excerpt":{"rendered":"<p>[vc_row row_separator=\u00a0\u00bbwaves_animate\u00a0\u00bb position_separator=\u00a0\u00bbsvg_top\u00a0\u00bb color_separator=\u00a0\u00bbsvg_primary\u00a0\u00bb mo_bg_overlay=\u00a0\u00bb#ffffff\u00a0\u00bb mo_bg_second_overlay=\u00a0\u00bb#ffffff\u00a0\u00bb css=\u00a0\u00bb.vc_custom_1570750702946{padding-top: 110px !important;}\u00a0\u00bb][vc_column][vc_row_inner css=\u00a0\u00bb.vc_custom_1514206454333{padding-top: 15px !important;}\u00a0\u00bb][vc_column_inner width=\u00a0\u00bb1\/3&Prime;][\/vc_column_inner][vc_column_inner width=\u00a0\u00bb1\/3&Prime;][\/vc_column_inner][vc_column_inner width=\u00a0\u00bb1\/3&Prime;][\/vc_column_inner][\/vc_row_inner][vc_row_inner css=\u00a0\u00bb.vc_custom_1514206454333{padding-top: 15px !important;}\u00a0\u00bb][vc_column_inner width=\u00a0\u00bb1\/4&Prime;][vc_empty_space height=\u00a0\u00bb40px\u00a0\u00bb][vc_empty_space height=\u00a0\u00bb40px\u00a0\u00bb][vc_empty_space height=\u00a0\u00bb40px\u00a0\u00bb][\/vc_column_inner][vc_column_inner width=\u00a0\u00bb1\/2&Prime;][vc_empty_space height=\u00a0\u00bb40px\u00a0\u00bb][vc_column_text] D\u00e9veloppement complet ou routine sp\u00e9cifique \u00c0 partir d\u2019un cahier des charges complet, votre projet de logiciel ou de d\u00e9veloppement web se concr\u00e9tisera. Que ce soit pour des environnements Windows, Internet ou [&hellip;]<\/p>\n","protected":false},"author":1,"featured_media":2771,"parent":0,"menu_order":0,"comment_status":"closed","ping_status":"closed","template":"","meta":{"footnotes":""},"class_list":["post-2630","page","type-page","status-publish","has-post-thumbnail","hentry"],"jetpack_sharing_enabled":true,"_links":{"self":[{"href":"https:\/\/www.rezonance-informatique.fr\/FR\/wp-json\/wp\/v2\/pages\/2630","targetHints":{"allow":["GET"]}}],"collection":[{"href":"https:\/\/www.rezonance-informatique.fr\/FR\/wp-json\/wp\/v2\/pages"}],"about":[{"href":"https:\/\/www.rezonance-informatique.fr\/FR\/wp-json\/wp\/v2\/types\/page"}],"author":[{"embeddable":true,"href":"https:\/\/www.rezonance-informatique.fr\/FR\/wp-json\/wp\/v2\/users\/1"}],"replies":[{"embeddable":true,"href":"https:\/\/www.rezonance-informatique.fr\/FR\/wp-json\/wp\/v2\/comments?post=2630"}],"version-history":[{"count":3,"href":"https:\/\/www.rezonance-informatique.fr\/FR\/wp-json\/wp\/v2\/pages\/2630\/revisions"}],"predecessor-version":[{"id":4388,"href":"https:\/\/www.rezonance-informatique.fr\/FR\/wp-json\/wp\/v2\/pages\/2630\/revisions\/4388"}],"wp:featuredmedia":[{"embeddable":true,"href":"https:\/\/www.rezonance-informatique.fr\/FR\/wp-json\/wp\/v2\/media\/2771"}],"wp:attachment":[{"href":"https:\/\/www.rezonance-informatique.fr\/FR\/wp-json\/wp\/v2\/media?parent=2630"}],"curies":[{"name":"wp","href":"https:\/\/api.w.org\/{rel}","templated":true}]}}