{"id":2615,"date":"2019-10-15T19:28:29","date_gmt":"2019-10-15T17:28:29","guid":{"rendered":"https:\/\/localhost\/www\/?page_id=2615"},"modified":"2019-10-23T01:20:44","modified_gmt":"2019-10-22T23:20:44","slug":"politique-de-confidentialite","status":"publish","type":"page","link":"https:\/\/www.rezonance-informatique.fr\/FR\/politique-de-confidentialite\/","title":{"rendered":"Politique de confidentialit\u00e9"},"content":{"rendered":"<p>[vc_row row_separator=\u00a0\u00bbwaves_animate\u00a0\u00bb position_separator=\u00a0\u00bbsvg_top\u00a0\u00bb color_separator=\u00a0\u00bbsvg_primary\u00a0\u00bb mo_bg_overlay=\u00a0\u00bb#ffffff\u00a0\u00bb mo_bg_second_overlay=\u00a0\u00bb#ffffff\u00a0\u00bb css=\u00a0\u00bb.vc_custom_1570750702946{padding-top: 110px !important;}\u00a0\u00bb][vc_column][vc_row_inner css=\u00a0\u00bb.vc_custom_1514206454333{padding-top: 15px !important;}\u00a0\u00bb][vc_column_inner width=\u00a0\u00bb1\/6&Prime;][\/vc_column_inner][vc_column_inner width=\u00a0\u00bb2\/3&Prime;][vc_empty_space height=\u00a0\u00bb40px\u00a0\u00bb][vc_column_text]<\/p>\n<p style=\"text-align: center;\"><strong>Editeur<\/strong><br \/>\nArdani Daoud<br \/>\ncontact@rezonance-informatique.fr<br \/>\n<a href=\"http:\/\/www.rezonance-informatique.f\">www.rezonance-informatique.fr<\/a><\/p>\n<p style=\"text-align: center;\"><strong>Directeur de publication<\/strong><br \/>\nArdani Daoud<\/p>\n<p style=\"text-align: center;\"><strong>R\u00e9alisation<\/strong><br \/>\nOlympe Communication<br \/>\n<a href=\"https:\/\/olympecommunication.fr\/\">www.olympecommunication.fr<\/a><br \/>\nT\u00e9l. : 06 99 36 07 00<\/p>\n<p style=\"text-align: center;\"><strong>Cr\u00e9dits photographiques<\/strong><br \/>\nREZONANCE INFORMATIQUE, tous droits r\u00e9serv\u00e9s !<\/p>\n<p style=\"text-align: center;\"><strong>H\u00e9bergement<\/strong><br \/>\nOVH<br \/>\nSAS au capital de 10 069 020 \u20ac<br \/>\nRCS Lille M\u00e9tropole 424 761 419 00045<br \/>\nCode APE 2620Z<br \/>\nN\u00b0 TVA : FR 22 424 761 419<br \/>\nSi\u00e8ge social : 2 rue Kellermann &#8211; 59100 Roubaix &#8211; France<br \/>\nService client : 1007<\/p>\n<p style=\"text-align: center;\"><strong>Donn\u00e9es personnelles<\/strong><\/p>\n<p style=\"text-align: center;\">Le site Internet www.rezonance-informatique.fr (le Site) est la propri\u00e9t\u00e9 de REZONANCE INFORMATIQUE. Il pr\u00e9sente aux visiteurs et aux clients naviguant sur le Site (les Utilisateurs) un certain nombre d\u2019informations li\u00e9es aux produits et aux services de REZONANCE INFORMATIQUE.<\/p>\n<p style=\"text-align: center;\">L\u2019Utilisateur s\u2019engage d\u2019ores et d\u00e9j\u00e0 \u00e0 faire des informations contenues sur le Site un usage personnel et non commercial.<br \/>\nNous nous engageons aupr\u00e8s de vous, visiteurs et clients de notre site, \u00e0 vous garantir la confidentialit\u00e9 des informations personnelles que vous nous fournissez.<\/p>\n<p style=\"text-align: center;\">En respect des r\u00e9glementations fran\u00e7aise et europ\u00e9enne et conform\u00e9ment \u00e0 la loi Informatique et Libert\u00e9s en date du 6 janvier 1978, vous disposez d\u2019un droit d\u2019acc\u00e8s, de rectification, de modification et de suppression concernant les donn\u00e9es qui vous concernent. Vous pouvez exercer ce droit en nous envoyant un courrier \u00e0 l\u2019adresse suivante : contact@rezonance-informatique.fr.<\/p>\n<p style=\"text-align: center;\">Par ailleurs, comme la plupart des sites internet, nous collectons \u00e9galement des donn\u00e9es relatives \u00e0 la navigation de nos visiteurs, afin d\u2019obtenir des statistiques pr\u00e9cises li\u00e9es \u00e0 l\u2019utilisation de notre site. Ces donn\u00e9es incluent l\u2019adresse IP, le fournisseur d\u2019acc\u00e8s \u00e0 internet, le navigateur utilis\u00e9, ou encore l\u2019heure des visites.<\/p>\n<p style=\"text-align: center;\">Chaque internaute a la possibilit\u00e9 de d\u00e9sactiver les cookies et d\u2019effacer ceux pr\u00e9sents sur son ordinateur, en modifiant les r\u00e9glages de son navigateur.<\/p>\n<p style=\"text-align: center;\"><strong>Les cookies, qu\u2019est-ce que c\u2019est ?<\/strong><\/p>\n<p style=\"text-align: center;\">Les sites internet d\u00e9velopp\u00e9s par Olympe Communication utilisent des cookies ou des traceurs similaires pour le ciblage de publicit\u00e9s, enregistrer vos pr\u00e9f\u00e9rences, vous prot\u00e9gez contre le spam, et effectuer des mesures d\u2019audience.<\/p>\n<p style=\"text-align: center;\">Les cookies sur le web sont de petits fichiers plac\u00e9s sur votre ordinateur, par les sites lorsque vous naviguez sur le web.<br \/>\nLes sites de l\u2019agence Olympe Communication utilisent les cookies pour connaitre les habitudes des internautes et pouvoir leur proposer une meilleure navigation. Vous pouvez \u00e0 tout moment changer les param\u00e8tres de votre navigateur pour refuser les cookies.<\/p>\n<p style=\"text-align: center;\">Les cookies publicitaires enregistrent des informations de navigation des internautes afin de comprendre leurs centres d\u2019int\u00e9r\u00eats et leur visite sur les sites. Suite \u00e0 cette collecte, ils permettent \u00e0 des soci\u00e9t\u00e9s de personnaliser la publicit\u00e9 qu\u2019un internaute peut voir en parcourant des sites qui ont la m\u00eame r\u00e9gie publicitaire.<\/p>\n<p style=\"text-align: center;\"><strong>Pourquoi les sites de l\u2019agence Olympe Communication utilisent les cookies ?<\/strong><\/p>\n<p style=\"text-align: center;\">Les sites de l\u2019agence Olympe Communication utilisent des cookies \u00e0 des fins de statistiques et de recherches. Pour nous aider \u00e0 am\u00e9liorer l\u2019exp\u00e9rience utilisateur sur nos sites, afin de comprendre comment les internautes naviguent sur nos sites, et pour fournir des donn\u00e9es pr\u00e9cises \u00e0 nos clients, nous sommes amen\u00e9s \u00e0 utiliser Google Analytics (pour en savoir plus sur les cookies li\u00e9s \u00e0 Google Analytics :\u00a0<a href=\"https:\/\/developers.google.com\/analytics\/devguides\/collection\/analyticsjs\/cookie-usage\">ici<\/a>).<\/p>\n<p style=\"text-align: center;\">Les liens de partage sur les r\u00e9seaux sociaux pr\u00e9sents sur les sites de l\u2019agence Olympe Communication peuvent installer des cookies, cependant ils ne sont pas contr\u00f4l\u00e9s par les sites internet, mais par les \u00e9diteurs des sites des r\u00e9seaux sociaux. Veuillez consulter le site en question pour plus d\u2019informations.<br \/>\nPour en savoir plus sur les cookies :\u00a0<a href=\"https:\/\/www.cnil.fr\/fr\/cookies-les-outils-pour-les-maitriser\">www.cnil.fr<\/a><\/p>\n<p style=\"text-align: center;\">Modifications apport\u00e9es \u00e0 notre politique relative aux cookies<br \/>\nL\u2019agence Olympe Communication est susceptible de mettre \u00e0 jour cette politique relative aux cookies. Si nous effectuons des changements, nous les consignerons sur cette page.<br \/>\nPour plus d\u2019informations, n\u2019h\u00e9sitez pas \u00e0\u00a0<a class=\"\" href=\"https:\/\/laclemickael.com\/contact\/\" target=\"\" rel=\"noopener noreferrer\">nous contacter<\/a>.<\/p>\n<p>[\/vc_column_text][vc_empty_space height=\u00a0\u00bb50px\u00a0\u00bb][\/vc_column_inner][vc_column_inner width=\u00a0\u00bb1\/6&Prime;][\/vc_column_inner][\/vc_row_inner][\/vc_column][\/vc_row]<\/p>\n","protected":false},"excerpt":{"rendered":"<p>[vc_row row_separator=\u00a0\u00bbwaves_animate\u00a0\u00bb position_separator=\u00a0\u00bbsvg_top\u00a0\u00bb color_separator=\u00a0\u00bbsvg_primary\u00a0\u00bb mo_bg_overlay=\u00a0\u00bb#ffffff\u00a0\u00bb mo_bg_second_overlay=\u00a0\u00bb#ffffff\u00a0\u00bb css=\u00a0\u00bb.vc_custom_1570750702946{padding-top: 110px !important;}\u00a0\u00bb][vc_column][vc_row_inner css=\u00a0\u00bb.vc_custom_1514206454333{padding-top: 15px !important;}\u00a0\u00bb][vc_column_inner width=\u00a0\u00bb1\/6&Prime;][\/vc_column_inner][vc_column_inner width=\u00a0\u00bb2\/3&Prime;][vc_empty_space height=\u00a0\u00bb40px\u00a0\u00bb][vc_column_text] Editeur Ardani Daoud contact@rezonance-informatique.fr www.rezonance-informatique.fr Directeur de publication Ardani Daoud R\u00e9alisation Olympe Communication www.olympecommunication.fr T\u00e9l. : 06 99 36 07 00 Cr\u00e9dits photographiques REZONANCE INFORMATIQUE, tous droits r\u00e9serv\u00e9s ! H\u00e9bergement OVH SAS au capital de 10 069 020 \u20ac RCS [&hellip;]<\/p>\n","protected":false},"author":1,"featured_media":0,"parent":0,"menu_order":0,"comment_status":"closed","ping_status":"closed","template":"","meta":{"footnotes":""},"class_list":["post-2615","page","type-page","status-publish","hentry"],"jetpack_sharing_enabled":true,"_links":{"self":[{"href":"https:\/\/www.rezonance-informatique.fr\/FR\/wp-json\/wp\/v2\/pages\/2615","targetHints":{"allow":["GET"]}}],"collection":[{"href":"https:\/\/www.rezonance-informatique.fr\/FR\/wp-json\/wp\/v2\/pages"}],"about":[{"href":"https:\/\/www.rezonance-informatique.fr\/FR\/wp-json\/wp\/v2\/types\/page"}],"author":[{"embeddable":true,"href":"https:\/\/www.rezonance-informatique.fr\/FR\/wp-json\/wp\/v2\/users\/1"}],"replies":[{"embeddable":true,"href":"https:\/\/www.rezonance-informatique.fr\/FR\/wp-json\/wp\/v2\/comments?post=2615"}],"version-history":[{"count":0,"href":"https:\/\/www.rezonance-informatique.fr\/FR\/wp-json\/wp\/v2\/pages\/2615\/revisions"}],"wp:attachment":[{"href":"https:\/\/www.rezonance-informatique.fr\/FR\/wp-json\/wp\/v2\/media?parent=2615"}],"curies":[{"name":"wp","href":"https:\/\/api.w.org\/{rel}","templated":true}]}}