{"id":2595,"date":"2019-10-11T01:57:08","date_gmt":"2019-10-10T23:57:08","guid":{"rendered":"https:\/\/localhost\/www\/?page_id=2595"},"modified":"2019-10-26T01:46:47","modified_gmt":"2019-10-25T23:46:47","slug":"audit","status":"publish","type":"page","link":"https:\/\/www.rezonance-informatique.fr\/FR\/audit\/","title":{"rendered":"Audit"},"content":{"rendered":"<p>[vc_row row_separator=\u00a0\u00bbwaves_animate\u00a0\u00bb position_separator=\u00a0\u00bbsvg_top\u00a0\u00bb color_separator=\u00a0\u00bbsvg_primary\u00a0\u00bb mo_bg_overlay=\u00a0\u00bb#ffffff\u00a0\u00bb mo_bg_second_overlay=\u00a0\u00bb#ffffff\u00a0\u00bb css=\u00a0\u00bb.vc_custom_1570750702946{padding-top: 110px !important;}\u00a0\u00bb][vc_column][vc_row_inner css=\u00a0\u00bb.vc_custom_1514206454333{padding-top: 15px !important;}\u00a0\u00bb][vc_column_inner width=\u00a0\u00bb1\/3&Prime;][\/vc_column_inner][vc_column_inner width=\u00a0\u00bb1\/3&Prime;]    <div class=\"image-layers\">\n     \n\t\t\t\t\t<div class=\"image-layer wow fadeIn\" data-wow-delay=\"0.2s\" style=\"-webkit-transform: translate(0%, 0%); -moz-transform: translate(0%, 0%); -o-transform: translate(0%, 0%); transform: translate(0%, 0%);  z-index:2\">\n\t\t\t\t\t\t<img decoding=\"async\" class=\"\" src=\"https:\/\/i0.wp.com\/www.rezonance-informatique.fr\/FR\/wp-content\/uploads\/2019\/10\/Audit0-01.jpg?fit=801%2C589&#038;ssl=1\"  alt=\"Audit\"\/>\n\t\t\t\t\t<\/div>    <\/div>\n     <div class=\"clearfix\"><\/div>\n    [\/vc_column_inner][vc_column_inner width=\u00a0\u00bb1\/3&Prime;][\/vc_column_inner][\/vc_row_inner][vc_row_inner css=\u00a0\u00bb.vc_custom_1514206454333{padding-top: 15px !important;}\u00a0\u00bb][vc_column_inner width=\u00a0\u00bb1\/4&Prime;][\/vc_column_inner][vc_column_inner width=\u00a0\u00bb1\/2&Prime;][vc_empty_space height=\u00a0\u00bb40px\u00a0\u00bb][vc_column_text]<\/p>\n<h6 style=\"text-align: center;\"><strong>La mise en place de l&rsquo;audit<\/strong><\/h6>\n<p style=\"text-align: center;\">Apr\u00e8s avoir analys\u00e9 vos besoins<br \/>\nfonctionnels et suivant une proposition commerciale d\u00e9taillant sur quoi doit<br \/>\nporter l\u2019audit, nous \u00e9valueront par<br \/>\ndiff\u00e9rents tests et outils votre syst\u00e8me informatique.<br \/>\nUne analyse du r\u00e9seau, des postes de travail, des serveurs, tests de charge, test de panne, P.R.A (plan de reprise d\u2019activit\u00e9).<\/p>\n<p>&nbsp;<\/p>\n<h6 style=\"text-align: center;\"><strong>R\u00e9daction du compte-rendu<\/strong><\/h6>\n<p style=\"text-align: center;\">Un rapport sera r\u00e9dig\u00e9 afin de vous permettre d\u2019avoir une vue \u00e0 la fois globale et d\u00e9taill\u00e9e de votre outil informatique. Ce rapport mettra bien en \u00e9vidence les points critiques \u00e0 r\u00e9soudre en priorit\u00e9 et ceux qui pourront faire l\u2019objet d\u2019un am\u00e9nagement ult\u00e9rieur.<\/p>\n<p>&nbsp;<\/p>\n<h6 style=\"text-align: center;\"><strong>Votre audit, votre gage de s\u00e9r\u00e9nit\u00e9.<\/strong><\/h6>\n<p style=\"text-align: center;\">Vous n\u2019\u00eates plus dans l\u2019ignorance et vous pouvez de suite r\u00e9agir et prendre les bonnes d\u00e9cisions, de partir avec un plan d\u2019action coh\u00e9rent. Vous ma\u00eetrisez votre budget, vous n\u2019\u00eates plus aveugles devant votre informatique.<br \/>\nNous sommes l\u00e0 pour vous accompagner dans votre r\u00e9flexion et vos d\u00e9cisions.<\/p>\n<p>[\/vc_column_text][\/vc_column_inner][vc_column_inner width=\u00a0\u00bb1\/4&Prime;][\/vc_column_inner][\/vc_row_inner][\/vc_column][\/vc_row][vc_row parallax=\u00a0\u00bbcontent-moving\u00a0\u00bb parallax_image=\u00a0\u00bb2793&Prime; row_separator=\u00a0\u00bbwave\u00a0\u00bb position_separator=\u00a0\u00bbsvg_top\u00a0\u00bb color_separator=\u00a0\u00bbsvg_white\u00a0\u00bb content_bg_color=\u00a0\u00bbbg-gradient\u00a0\u00bb content_color=\u00a0\u00bbwhite_txt\u00a0\u00bb css=\u00a0\u00bb.vc_custom_1572043926266{padding-top: 260px !important;padding-bottom: 160px !important;}\u00a0\u00bb][vc_column][vc_empty_space][vc_column_text]<\/p>\n<h3 style=\"text-align: center;\">Un renseignement ? Un devis ?<\/h3>\n<p>[\/vc_column_text]     <div class=\"text-center  \" data-wow-delay=\"0.1s\">\n          <a class=\"button light hr_primary bg_primary  bg_hr_light medium radius4 no_shadow hr_no_shadow hover_shine\" href=\"https:\/\/www.rezonance-informatique.fr\/FR\/contact\/\" target=\"_self\">Contact<\/a> \n\t <\/div>\n    [\/vc_column][\/vc_row]<\/p>\n","protected":false},"excerpt":{"rendered":"<p>[vc_row row_separator=\u00a0\u00bbwaves_animate\u00a0\u00bb position_separator=\u00a0\u00bbsvg_top\u00a0\u00bb color_separator=\u00a0\u00bbsvg_primary\u00a0\u00bb mo_bg_overlay=\u00a0\u00bb#ffffff\u00a0\u00bb mo_bg_second_overlay=\u00a0\u00bb#ffffff\u00a0\u00bb css=\u00a0\u00bb.vc_custom_1570750702946{padding-top: 110px !important;}\u00a0\u00bb][vc_column][vc_row_inner css=\u00a0\u00bb.vc_custom_1514206454333{padding-top: 15px !important;}\u00a0\u00bb][vc_column_inner width=\u00a0\u00bb1\/3&Prime;][\/vc_column_inner][vc_column_inner width=\u00a0\u00bb1\/3&Prime;][\/vc_column_inner][vc_column_inner width=\u00a0\u00bb1\/3&Prime;][\/vc_column_inner][\/vc_row_inner][vc_row_inner css=\u00a0\u00bb.vc_custom_1514206454333{padding-top: 15px !important;}\u00a0\u00bb][vc_column_inner width=\u00a0\u00bb1\/4&Prime;][\/vc_column_inner][vc_column_inner width=\u00a0\u00bb1\/2&Prime;][vc_empty_space height=\u00a0\u00bb40px\u00a0\u00bb][vc_column_text] La mise en place de l&rsquo;audit Apr\u00e8s avoir analys\u00e9 vos besoins fonctionnels et suivant une proposition commerciale d\u00e9taillant sur quoi doit porter l\u2019audit, nous \u00e9valueront par diff\u00e9rents tests et outils votre syst\u00e8me informatique. Une [&hellip;]<\/p>\n","protected":false},"author":1,"featured_media":2768,"parent":0,"menu_order":0,"comment_status":"closed","ping_status":"closed","template":"","meta":{"footnotes":""},"class_list":["post-2595","page","type-page","status-publish","has-post-thumbnail","hentry"],"jetpack_sharing_enabled":true,"_links":{"self":[{"href":"https:\/\/www.rezonance-informatique.fr\/FR\/wp-json\/wp\/v2\/pages\/2595","targetHints":{"allow":["GET"]}}],"collection":[{"href":"https:\/\/www.rezonance-informatique.fr\/FR\/wp-json\/wp\/v2\/pages"}],"about":[{"href":"https:\/\/www.rezonance-informatique.fr\/FR\/wp-json\/wp\/v2\/types\/page"}],"author":[{"embeddable":true,"href":"https:\/\/www.rezonance-informatique.fr\/FR\/wp-json\/wp\/v2\/users\/1"}],"replies":[{"embeddable":true,"href":"https:\/\/www.rezonance-informatique.fr\/FR\/wp-json\/wp\/v2\/comments?post=2595"}],"version-history":[{"count":0,"href":"https:\/\/www.rezonance-informatique.fr\/FR\/wp-json\/wp\/v2\/pages\/2595\/revisions"}],"wp:featuredmedia":[{"embeddable":true,"href":"https:\/\/www.rezonance-informatique.fr\/FR\/wp-json\/wp\/v2\/media\/2768"}],"wp:attachment":[{"href":"https:\/\/www.rezonance-informatique.fr\/FR\/wp-json\/wp\/v2\/media?parent=2595"}],"curies":[{"name":"wp","href":"https:\/\/api.w.org\/{rel}","templated":true}]}}