{"id":201,"date":"2018-06-03T23:52:38","date_gmt":"2018-06-03T23:52:38","guid":{"rendered":"http:\/\/motivoweb.com\/pixi\/?page_id=201"},"modified":"2019-10-26T01:46:09","modified_gmt":"2019-10-25T23:46:09","slug":"agence","status":"publish","type":"page","link":"https:\/\/www.rezonance-informatique.fr\/FR\/agence\/","title":{"rendered":"L&rsquo;agence"},"content":{"rendered":"<p>[vc_row full_width=\u00a0\u00bbstretch_row_content\u00a0\u00bb row_separator=\u00a0\u00bbwaves\u00a0\u00bb color_separator=\u00a0\u00bbsvg_white\u00a0\u00bb][vc_column][rev_slider_vc alias=\u00a0\u00bbdigital-agency\u00a0\u00bb][\/vc_column][\/vc_row][vc_row row_separator_color=\u00a0\u00bbgrey\u00a0\u00bb css=\u00a0\u00bb.vc_custom_1572025081127{padding-top: 70px !important;padding-bottom: 100px !important;background-color: #ffffff !important;}\u00a0\u00bb][vc_column width=\u00a0\u00bb1\/2&Prime; el_class=\u00a0\u00bbcontainer-border\u00a0\u00bb css=\u00a0\u00bb.vc_custom_1572040231114{padding-top: 250px !important;padding-right: 200px !important;padding-bottom: 250px !important;padding-left: 200px !important;background-image: url(https:\/\/www.rezonance-informatique.fr\/FR\/wp-content\/uploads\/2019\/10\/S\u00e9curit\u00e9-Vf_Mesa-de-trabajo-1.png?id=2850) !important;background-position: center !important;background-repeat: no-repeat !important;background-size: cover !important;}\u00a0\u00bb][\/vc_column][vc_column width=\u00a0\u00bb1\/2&Prime; css=\u00a0\u00bb.vc_custom_1540548217515{padding-top: 50px !important;padding-left: 50px !important;}\u00a0\u00bb][vc_row_inner][vc_column_inner css=\u00a0\u00bb.vc_custom_1538858281303{padding-right: 20% !important;}\u00a0\u00bb]      <div class=\"pixi_heading-style1 text-left \" data-wow-delay=\"0.1s\"><h5>Une Passion, un m\u00e9tier<\/h5><h3>Rezonance Informatique<\/h3>                    \n    <\/div>\n    [vc_column_text css=\u00a0\u00bb.vc_custom_1572041315038{margin-bottom: 30px !important;}\u00a0\u00bb]<\/p>\n<p style=\"text-align: left;\"><span id=\"p0\">Notre entreprise est n\u00e9e en 2014, par la volont\u00e9 de ses deux associ\u00e9s Gwenn PERROT et David BRANDON, afin d\u2019apporter une qualit\u00e9 de service informatique humaine, d\u2019\u00e9coute et de support rapide aux soci\u00e9t\u00e9s.<\/span><\/p>\n<p style=\"text-align: left;\"><span id=\"p1\">Notre priorit\u00e9 est de vous accompagner, vous conseillez dans les d\u00e9cisions num\u00e9riques cruciales qui sont essentielles dans la vie de votre entreprise.<\/span><\/p>\n<p style=\"text-align: left;\"><span id=\"p4\">Forts d\u2019une client\u00e8le repr\u00e9sentant la quasi-totalit\u00e9 des secteurs d\u2019activit\u00e9s, nous intervenons aussi bien chez les TPE que chez les grands comptes.<\/span><\/p>\n<p>[\/vc_column_text][\/vc_column_inner][\/vc_row_inner][\/vc_column][\/vc_row][vc_row parallax=\u00a0\u00bbcontent-moving\u00a0\u00bb parallax_image=\u00a0\u00bb1745&Prime; row_separator=\u00a0\u00bbwaves\u00a0\u00bb position_separator=\u00a0\u00bbsvg_top\u00a0\u00bb content_bg_color=\u00a0\u00bbbg-gradient\u00a0\u00bb content_color=\u00a0\u00bbwhite_txt\u00a0\u00bb css=\u00a0\u00bb.vc_custom_1572025500083{padding-top: 260px !important;padding-bottom: 160px !important;background-color: #ffffff !important;}\u00a0\u00bb][vc_column][vc_empty_space height=\u00a0\u00bb30px\u00a0\u00bb][vc_column_text css=\u00a0\u00bb.vc_custom_1572025397559{padding-right: 20% !important;padding-left: 20% !important;}\u00a0\u00bb]<\/p>\n<h3 class=\"lrg center\">Ensemble, d\u00e9ployons tout le potentiel de votre entreprise !<\/h3>\n<p>[\/vc_column_text]     <div class=\"text-center  \" data-wow-delay=\"0.1s\">\n          <a class=\"button light hr_light bg_gradient  bg_hr_gradient medium radius4 no_shadow hr_no_shadow hover_shine\" href=\"https:\/\/www.rezonance-informatique.fr\/FR\/contact\/\" target=\"_self\">Contactez-nous<\/a> \n\t <\/div>\n    [\/vc_column][\/vc_row]<\/p>\n","protected":false},"excerpt":{"rendered":"<p>[vc_row full_width=\u00a0\u00bbstretch_row_content\u00a0\u00bb row_separator=\u00a0\u00bbwaves\u00a0\u00bb color_separator=\u00a0\u00bbsvg_white\u00a0\u00bb][vc_column][rev_slider_vc alias=\u00a0\u00bbdigital-agency\u00a0\u00bb][\/vc_column][\/vc_row][vc_row row_separator_color=\u00a0\u00bbgrey\u00a0\u00bb css=\u00a0\u00bb.vc_custom_1572025081127{padding-top: 70px !important;padding-bottom: 100px !important;background-color: #ffffff !important;}\u00a0\u00bb][vc_column width=\u00a0\u00bb1\/2&Prime; el_class=\u00a0\u00bbcontainer-border\u00a0\u00bb css=\u00a0\u00bb.vc_custom_1572040231114{padding-top: 250px !important;padding-right: 200px !important;padding-bottom: 250px !important;padding-left: 200px !important;background-image: url(https:\/\/www.rezonance-informatique.fr\/FR\/wp-content\/uploads\/2019\/10\/S\u00e9curit\u00e9-Vf_Mesa-de-trabajo-1.png?id=2850) !important;background-position: center !important;background-repeat: no-repeat !important;background-size: cover !important;}\u00a0\u00bb][\/vc_column][vc_column width=\u00a0\u00bb1\/2&Prime; css=\u00a0\u00bb.vc_custom_1540548217515{padding-top: 50px !important;padding-left: 50px !important;}\u00a0\u00bb][vc_row_inner][vc_column_inner css=\u00a0\u00bb.vc_custom_1538858281303{padding-right: 20% !important;}\u00a0\u00bb][vc_column_text css=\u00a0\u00bb.vc_custom_1572041315038{margin-bottom: 30px !important;}\u00a0\u00bb] Notre entreprise est n\u00e9e en 2014, par la volont\u00e9 de ses [&hellip;]<\/p>\n","protected":false},"author":1,"featured_media":2850,"parent":0,"menu_order":0,"comment_status":"closed","ping_status":"closed","template":"page-no-title-bar.php","meta":{"footnotes":""},"class_list":["post-201","page","type-page","status-publish","has-post-thumbnail","hentry"],"jetpack_sharing_enabled":true,"_links":{"self":[{"href":"https:\/\/www.rezonance-informatique.fr\/FR\/wp-json\/wp\/v2\/pages\/201","targetHints":{"allow":["GET"]}}],"collection":[{"href":"https:\/\/www.rezonance-informatique.fr\/FR\/wp-json\/wp\/v2\/pages"}],"about":[{"href":"https:\/\/www.rezonance-informatique.fr\/FR\/wp-json\/wp\/v2\/types\/page"}],"author":[{"embeddable":true,"href":"https:\/\/www.rezonance-informatique.fr\/FR\/wp-json\/wp\/v2\/users\/1"}],"replies":[{"embeddable":true,"href":"https:\/\/www.rezonance-informatique.fr\/FR\/wp-json\/wp\/v2\/comments?post=201"}],"version-history":[{"count":0,"href":"https:\/\/www.rezonance-informatique.fr\/FR\/wp-json\/wp\/v2\/pages\/201\/revisions"}],"wp:featuredmedia":[{"embeddable":true,"href":"https:\/\/www.rezonance-informatique.fr\/FR\/wp-json\/wp\/v2\/media\/2850"}],"wp:attachment":[{"href":"https:\/\/www.rezonance-informatique.fr\/FR\/wp-json\/wp\/v2\/media?parent=201"}],"curies":[{"name":"wp","href":"https:\/\/api.w.org\/{rel}","templated":true}]}}